{"id":607,"date":"2017-12-10T22:40:50","date_gmt":"2017-12-10T20:40:50","guid":{"rendered":"http:\/\/split-nekretnine.hr\/?page_id=607"},"modified":"2018-03-26T22:30:49","modified_gmt":"2018-03-26T20:30:49","slug":"about-us","status":"publish","type":"page","link":"http:\/\/split-nekretnine.hr\/en\/about-us\/","title":{"rendered":"About us"},"content":{"rendered":"<p>[vc_row][vc_column][vc_column_text]<\/p>\n<h3>Who are we<\/h3>\n<p>[\/vc_column_text][vc_column_text]SPLIT NEKRETNINE agency deals with real estate intermediation. We operate on the entire area of Croatia, and in our twenty year long work, we&#8217;ve become one of the most known agencies in Croatia. We deal with all kinds of real estates: lots, houses, apartments, bussines spaces available for sale, lease or rent.[\/vc_column_text][vc_column_text]To our clients, buyers or sellers, we offer a maximally professsional service, which consists of legal services with which we provide complete legal security and protection, discretion, the services of multiple top level experts in different areas of interest to our clients, such as civil construction engineers, architecture engineers and such. Other than intermediation, we also do real estate evaluation, cost benefit assessments, project development, investment managment and consulting.[\/vc_column_text][vc_column_text]<\/p>\n<h3>What do we offer to sellers<\/h3>\n<p>[\/vc_column_text][vc_column_text]<\/p>\n<ul>\n<li>obilazak nekretnine od strane na\u0161eg agenta<\/li>\n<li>provjeru dokumentacije i pravnu pomo\u0107 u sre\u0111ivanju iste<\/li>\n<li>procjenu vrijednosti i dogovaranje prodajne cijene<\/li>\n<li>prezentaciju nekretnine u na\u0161oj ponudi prodaje<\/li>\n<li>suradnju i pomo\u0107 u pregovaranju s potencijalnim kupcima<\/li>\n<li>pravnu uslugu od predugovora do zaklju\u010denja kona\u010dnog kupoprodajnog ugovora<\/li>\n<\/ul>\n<p>[\/vc_column_text][vc_column_text]<\/p>\n<h3>Kupcima nudimo<\/h3>\n<p>[\/vc_column_text][vc_column_text]<\/p>\n<ul>\n<li>ponudu na\u0161ih nekretnina ili u slu\u0107aju da nemamo ono \u0161to vi tra\u017eite, nudimo nekretnine u suradnji s drugim agencijama<\/li>\n<li>pravne savjete, koji obuhva\u0107aju cijelokupnu pravnu i poreznu problematiku kupoprodaje nekretnina u Hrvatskoj<\/li>\n<li>pomo\u0107 u pregovaranju<\/li>\n<li>pravnu za\u0161titu tokom cijele kupoprodaje<\/li>\n<li>mogu\u0107nost kori\u0161tenja na\u0161ih usluga vezanih za renoviranje<\/li>\n<li>gradnju, upravljanje nekretninama, iznajmljivanje, itd&#8230;.<\/li>\n<\/ul>\n<p>[\/vc_column_text][\/vc_column][\/vc_row][vc_row][vc_column][\/vc_column][\/vc_row]<\/p>\n","protected":false},"excerpt":{"rendered":"<p>[vc_row][vc_column][vc_column_text] Who are we [\/vc_column_text][vc_column_text]SPLIT NEKRETNINE agency deals with real estate intermediation. We operate on the entire area of Croatia, and in our twenty year long work, we&#8217;ve become one of the most known agencies in Croatia. We deal with all kinds of real estates: lots, houses, apartments, bussines spaces available for sale, lease or [&hellip;]<\/p>\n","protected":false},"author":1,"featured_media":0,"parent":0,"menu_order":0,"comment_status":"closed","ping_status":"closed","template":"","meta":[],"_links":{"self":[{"href":"http:\/\/split-nekretnine.hr\/en\/wp-json\/wp\/v2\/pages\/607"}],"collection":[{"href":"http:\/\/split-nekretnine.hr\/en\/wp-json\/wp\/v2\/pages"}],"about":[{"href":"http:\/\/split-nekretnine.hr\/en\/wp-json\/wp\/v2\/types\/page"}],"author":[{"embeddable":true,"href":"http:\/\/split-nekretnine.hr\/en\/wp-json\/wp\/v2\/users\/1"}],"replies":[{"embeddable":true,"href":"http:\/\/split-nekretnine.hr\/en\/wp-json\/wp\/v2\/comments?post=607"}],"version-history":[{"count":1,"href":"http:\/\/split-nekretnine.hr\/en\/wp-json\/wp\/v2\/pages\/607\/revisions"}],"predecessor-version":[{"id":608,"href":"http:\/\/split-nekretnine.hr\/en\/wp-json\/wp\/v2\/pages\/607\/revisions\/608"}],"wp:attachment":[{"href":"http:\/\/split-nekretnine.hr\/en\/wp-json\/wp\/v2\/media?parent=607"}],"curies":[{"name":"wp","href":"https:\/\/api.w.org\/{rel}","templated":true}]}}